{"id":590,"date":"2021-10-18T10:46:40","date_gmt":"2021-10-18T15:46:40","guid":{"rendered":"https:\/\/ubha-chicaque.org\/?page_id=590"},"modified":"2022-03-13T17:23:38","modified_gmt":"2022-03-13T22:23:38","slug":"faqs","status":"publish","type":"page","link":"https:\/\/ubha-chicaque.org\/en\/faqs\/","title":{"rendered":"FAQs"},"content":{"rendered":"<div data-elementor-type=\"wp-page\" data-elementor-id=\"590\" class=\"elementor elementor-590\">\n\t\t\t\t\t\t<section class=\"elementor-section elementor-top-section elementor-element elementor-element-13b34cb elementor-section-boxed elementor-section-height-default elementor-section-height-default\" data-id=\"13b34cb\" data-element_type=\"section\">\n\t\t\t\t\t\t<div class=\"elementor-container elementor-column-gap-default\">\n\t\t\t\t\t<div class=\"elementor-column elementor-col-100 elementor-top-column elementor-element elementor-element-8df5fd1\" data-id=\"8df5fd1\" data-element_type=\"column\">\n\t\t\t<div class=\"elementor-widget-wrap elementor-element-populated\">\n\t\t\t\t\t\t<div class=\"elementor-element elementor-element-9747c5b elementor-widget elementor-widget-image\" data-id=\"9747c5b\" data-element_type=\"widget\" data-widget_type=\"image.default\">\n\t\t\t\t<div class=\"elementor-widget-container\">\n\t\t\t<style>\/*! elementor - v3.21.0 - 08-05-2024 *\/\n.elementor-widget-image{text-align:center}.elementor-widget-image a{display:inline-block}.elementor-widget-image a img[src$=\".svg\"]{width:48px}.elementor-widget-image img{vertical-align:middle;display:inline-block}<\/style>\t\t\t\t\t\t\t\t\t\t<img fetchpriority=\"high\" decoding=\"async\" width=\"768\" height=\"511\" src=\"https:\/\/ubha-chicaque.org\/wp-content\/uploads\/2022\/03\/IMG_2643-768x511.jpg\" class=\"attachment-medium_large size-medium_large wp-image-1008\" alt=\"\" srcset=\"https:\/\/ubha-chicaque.org\/wp-content\/uploads\/2022\/03\/IMG_2643-768x511.jpg 768w, https:\/\/ubha-chicaque.org\/wp-content\/uploads\/2022\/03\/IMG_2643-300x200.jpg 300w, https:\/\/ubha-chicaque.org\/wp-content\/uploads\/2022\/03\/IMG_2643-1024x682.jpg 1024w, https:\/\/ubha-chicaque.org\/wp-content\/uploads\/2022\/03\/IMG_2643-1536x1023.jpg 1536w, https:\/\/ubha-chicaque.org\/wp-content\/uploads\/2022\/03\/IMG_2643-2048x1364.jpg 2048w\" sizes=\"(max-width: 768px) 100vw, 768px\" \/>\t\t\t\t\t\t\t\t\t\t\t\t\t<\/div>\n\t\t\t\t<\/div>\n\t\t\t\t\t<\/div>\n\t\t<\/div>\n\t\t\t\t\t<\/div>\n\t\t<\/section>\n\t\t\t\t<section class=\"elementor-section elementor-top-section elementor-element elementor-element-8b2aeec elementor-section-boxed elementor-section-height-default elementor-section-height-default\" data-id=\"8b2aeec\" data-element_type=\"section\">\n\t\t\t\t\t\t<div class=\"elementor-container elementor-column-gap-default\">\n\t\t\t\t\t<div class=\"elementor-column elementor-col-100 elementor-top-column elementor-element elementor-element-3e99e50\" data-id=\"3e99e50\" data-element_type=\"column\">\n\t\t\t<div class=\"elementor-widget-wrap elementor-element-populated\">\n\t\t\t\t\t\t<div class=\"elementor-element elementor-element-777428b elementor-widget elementor-widget-text-editor\" data-id=\"777428b\" data-element_type=\"widget\" data-widget_type=\"text-editor.default\">\n\t\t\t\t<div class=\"elementor-widget-container\">\n\t\t\t<style>\/*! elementor - v3.21.0 - 08-05-2024 *\/\n.elementor-widget-text-editor.elementor-drop-cap-view-stacked .elementor-drop-cap{background-color:#69727d;color:#fff}.elementor-widget-text-editor.elementor-drop-cap-view-framed .elementor-drop-cap{color:#69727d;border:3px solid;background-color:transparent}.elementor-widget-text-editor:not(.elementor-drop-cap-view-default) .elementor-drop-cap{margin-top:8px}.elementor-widget-text-editor:not(.elementor-drop-cap-view-default) .elementor-drop-cap-letter{width:1em;height:1em}.elementor-widget-text-editor .elementor-drop-cap{float:left;text-align:center;line-height:1;font-size:50px}.elementor-widget-text-editor .elementor-drop-cap-letter{display:inline-block}<\/style>\t\t\t\t<h5 class=\"has-text-align-center has-ast-global-color-2-color has-text-color\" style=\"font-size: 1.17647rem; font-style: normal;\">\u00bfTienes dudas?<\/h5>\n<h5 class=\"has-text-align-center has-ast-global-color-2-color has-text-color\" style=\"font-size: 1.17647rem; font-style: normal;\">Preguntas frecuentes<\/h5>\t\t\t\t\t\t<\/div>\n\t\t\t\t<\/div>\n\t\t\t\t<section class=\"elementor-section elementor-inner-section elementor-element elementor-element-2b169bc elementor-section-boxed elementor-section-height-default elementor-section-height-default\" data-id=\"2b169bc\" data-element_type=\"section\">\n\t\t\t\t\t\t<div class=\"elementor-container elementor-column-gap-default\">\n\t\t\t\t\t<div class=\"elementor-column elementor-col-50 elementor-inner-column elementor-element elementor-element-3b06fac\" data-id=\"3b06fac\" data-element_type=\"column\">\n\t\t\t<div class=\"elementor-widget-wrap elementor-element-populated\">\n\t\t\t\t\t\t<div class=\"elementor-element elementor-element-f4fe96c elementor-widget elementor-widget-text-editor\" data-id=\"f4fe96c\" data-element_type=\"widget\" data-widget_type=\"text-editor.default\">\n\t\t\t\t<div class=\"elementor-widget-container\">\n\t\t\t\t\t\t\t<p><strong>\u00bfEn UBHA, hay una ruta escolar desde Bogot\u00e1\/Soacha?<\/strong><\/p>\n<p>S\u00ed, tenemos una ruta que sale desde el sur de Bogot\u00e1 por las ma\u00f1anas y que lleva a los ni\u00f1os a su casa a fin de tarde. Por favor, cont\u00e1ctanos para mayor informaci\u00f3n.<\/p>\n<p><strong>\u00bfEn UBHA hay servicio de almuerzo?<\/strong><\/p>\n<p>Por el momento, no podemos ofrecer servicio de almuerzo. Los ni\u00f1os traen su almuerzo y sus onces. En la escuela pueden calentar sus alimentos. Esperamos poder ofrecer almuerzos saludables en un futuro.<\/p>\n<p><strong>\u00bfUBHA tiene curr\u00edculo?<\/strong><\/p>\n<p>Dado que cada ni\u00f1o\/a o joven tiene su forma y ritmo individual de aprender, y adem\u00e1s reconociendo que cada uno\/a tiene sus propios intereses y talentos, en UBHA no hay curr\u00edculo. Sin embargo, los aprendices pueden elaborar su propio curr\u00edculo, si as\u00ed lo desean.<\/p>\n<p><strong>\u00bfUBHA certifica a los aprendices?<\/strong><\/p>\n<p>En UBHA, estamos convencidos que una buena educaci\u00f3n no depende ni se mide en ex\u00e1menes puntuales donde le den al estudiante un 0 o un 5. Tampoco creemos que se aprenda al memorizar. S\u00ed creemos que la libertad de leer, investigar, descubrir y jugar, de la mano con los intereses y la curiosidad natural del ni\u00f1o\/oven o de la ni\u00f1a, despiertan sus ganas de aprender y avanzar, a su ritmo y seg\u00fan sus intereses.<\/p>\n<p>UBHA se entiende como una comunidad de aprendizaje abierta, libre y sin rigidez. Por tanto, no se rige por curr\u00edculos, niveles y cursos. Sin embargo, en Colombia cualquier persona tiene el derecho de presentar los ex\u00e1menes estatales (ICFES), para obtener el acceso al sistema de educaci\u00f3n tradicional. Para mayor informaci\u00f3n, no dudes en contactarnos.<\/p>\n<p><b>\u00bfEn UBHA, se ense\u00f1an idiomas?<\/b><\/p>\n<p>Gracias a la presencia de voluntarios (internacionales) y miembros de diferentes contextos, los ni\u00f1os tienen la posibilidad de acercarse a diferentes idiomas. Ya depende de ellos, si quieren aprender. Las y los mentores acompa\u00f1an a los ni\u00f1os y j\u00f3venes muy de cerca, para apoyarlos en su b\u00fasqueda.\u00a0\u00a0<\/p>\t\t\t\t\t\t<\/div>\n\t\t\t\t<\/div>\n\t\t\t\t\t<\/div>\n\t\t<\/div>\n\t\t\t\t<div class=\"elementor-column elementor-col-50 elementor-inner-column elementor-element elementor-element-e16d13e\" data-id=\"e16d13e\" data-element_type=\"column\">\n\t\t\t<div class=\"elementor-widget-wrap elementor-element-populated\">\n\t\t\t\t\t\t<div class=\"elementor-element elementor-element-4840e99 elementor-widget elementor-widget-text-editor\" data-id=\"4840e99\" data-element_type=\"widget\" data-widget_type=\"text-editor.default\">\n\t\t\t\t<div class=\"elementor-widget-container\">\n\t\t\t\t\t\t\t<p><strong>\u00bfLos ni\u00f1os tienen que caminar en el parque o hay transporte interno?<\/strong><\/p>\n<p>Ambos. Los ni\u00f1os caminan mucho, eso forma parte integral de su educaci\u00f3n. (Est\u00e1 comprobado que caminar promueve la creatividad, entre otras). Seg\u00fan clima, disponibilidad y estado f\u00edsico y\/o emocional de los ni\u00f1os, caminan o usan el transporte interno del parque. Ese costo est\u00e1 incluido en el aporte mensual.<\/p>\n<p><strong>\u00bfCu\u00e1nto se demora la caminata desde la entrada al Parque Natural Chicaque hasta las instalaciones de UBHA?<\/strong><\/p>\n<p>Dependiendo del clima, de la edad y del estado f\u00edsico de los ni\u00f1os, la caminata puede durar 50 minutos o m\u00e1s.\u00a0<\/p>\n<p><strong>\u00bfLos ni\u00f1os peque\u00f1os y los m\u00e1s grandes aprenden juntos o hay diferentes espacios para ellos?<\/strong><\/p>\n<p>En su proceso de aprendizaje auto-organizado, los ni\u00f1os est\u00e1n libres de formar grupos (o no), trabajar juntos (o no), buscarse aliados (o no). Mejor dicho, los ni\u00f1os y j\u00f3venes est\u00e1n en un grupo diverso (por sus edades, contextos, condiciones, culturas&#8230;.) donde est\u00e1n libres de formar alianzas y grupitos seg\u00fan intereses y afecto por las dem\u00e1s personas.\u00a0<\/p>\n<p>Actualmente estamos trabajando para ampliar la infraestructura para los ni\u00f1os y j\u00f3venes de UBHA.\u00a0<\/p>\n<p><strong>\u00bfUBHA ofrece talleres o actividades por d\u00eda, para ni\u00f1os y\/o familias?<\/strong><\/p>\n<p>S\u00ed, en UBHA ofrecemos igualmente actividades para ni\u00f1os\/as por d\u00edas, como talleres de circo, de huerta, de m\u00fasica, de panader\u00eda, de senderismo\u2026. Tambi\u00e9n organizamos campamentos de verano. Para mayor informaci\u00f3n, por favor visita nuestra pesta\u00f1a Actividades y\/o Eventos.\u00a0<\/p>\n<p>Actualmente, estamos trabajando en un espacio co-work para trabajo remoto, para madres y padres que trabajen a distancia, mientras que sus hijos est\u00e1n en UBHA. En el parque hay diferentes posibilidades de hospedaje. Escr\u00edbenos para mayor informaci\u00f3n y encontrar tu soluci\u00f3n individual.\u00a0<\/p>\n<p style=\"font-size: 17px; font-style: normal; font-weight: 400;\"><span style=\"font-weight: bold;\">Soy de San Antonio del Tequendama. \u00bfC\u00f3mo suben los ni\u00f1os a UBHA?<\/span><\/p>\n<p style=\"font-size: 17px; font-style: normal; font-weight: 400;\">Los ni\u00f1os y j\u00f3venes de la vereda Chicaque suben caminando, o acompa\u00f1ados por sus madres o padres, o con la ayuda de los voluntarios del proyecto. Cont\u00e1ctanos para que podamos hablar y buscar una soluci\u00f3n para tu caso.\u00a0<\/p>\t\t\t\t\t\t<\/div>\n\t\t\t\t<\/div>\n\t\t\t\t\t<\/div>\n\t\t<\/div>\n\t\t\t\t\t<\/div>\n\t\t<\/section>\n\t\t\t\t\t<\/div>\n\t\t<\/div>\n\t\t\t\t\t<\/div>\n\t\t<\/section>\n\t\t\t\t<\/div>","protected":false},"excerpt":{"rendered":"<p>\u00bfTienes dudas? Preguntas frecuentes \u00bfEn UBHA, hay una ruta escolar desde Bogot\u00e1\/Soacha? S\u00ed, tenemos una ruta que sale desde el sur de Bogot\u00e1 por las ma\u00f1anas y que lleva a los ni\u00f1os a su casa a fin de tarde. Por favor, cont\u00e1ctanos para mayor informaci\u00f3n. \u00bfEn UBHA hay servicio de almuerzo? Por el momento, no&#8230;<\/p>","protected":false},"author":1,"featured_media":0,"parent":0,"menu_order":0,"comment_status":"closed","ping_status":"closed","template":"","meta":{"_monsterinsights_skip_tracking":false,"_monsterinsights_sitenote_active":false,"_monsterinsights_sitenote_note":"","_monsterinsights_sitenote_category":0,"footnotes":""},"class_list":["post-590","page","type-page","status-publish","hentry"],"aioseo_notices":[],"_links":{"self":[{"href":"https:\/\/ubha-chicaque.org\/en\/wp-json\/wp\/v2\/pages\/590","targetHints":{"allow":["GET"]}}],"collection":[{"href":"https:\/\/ubha-chicaque.org\/en\/wp-json\/wp\/v2\/pages"}],"about":[{"href":"https:\/\/ubha-chicaque.org\/en\/wp-json\/wp\/v2\/types\/page"}],"author":[{"embeddable":true,"href":"https:\/\/ubha-chicaque.org\/en\/wp-json\/wp\/v2\/users\/1"}],"replies":[{"embeddable":true,"href":"https:\/\/ubha-chicaque.org\/en\/wp-json\/wp\/v2\/comments?post=590"}],"version-history":[{"count":44,"href":"https:\/\/ubha-chicaque.org\/en\/wp-json\/wp\/v2\/pages\/590\/revisions"}],"predecessor-version":[{"id":1045,"href":"https:\/\/ubha-chicaque.org\/en\/wp-json\/wp\/v2\/pages\/590\/revisions\/1045"}],"wp:attachment":[{"href":"https:\/\/ubha-chicaque.org\/en\/wp-json\/wp\/v2\/media?parent=590"}],"curies":[{"name":"wp","href":"https:\/\/api.w.org\/{rel}","templated":true}]}}