{"id":564,"date":"2020-07-14T09:56:03","date_gmt":"2020-07-14T09:56:03","guid":{"rendered":"https:\/\/ubha-chicaque.org\/contact\/"},"modified":"2024-04-09T17:15:11","modified_gmt":"2024-04-09T22:15:11","slug":"contact","status":"publish","type":"page","link":"https:\/\/ubha-chicaque.org\/en\/contact\/","title":{"rendered":"Contact"},"content":{"rendered":"<h6>CONTACTARNOS<\/h6>\n<h1>\u00a1M\u00e1ndanos un mensaje!<\/h1>\n<div class=\"wpforms-container\" id=\"wpforms-558\"><form id=\"wpforms-form-558\" class=\"wpforms-validate wpforms-form\" data-formid=\"558\" method=\"post\" enctype=\"multipart\/form-data\" action=\"\/en\/wp-json\/wp\/v2\/pages\/564\" data-token=\"e0d7e502feb9938f60ae4548a273a867\" data-trp-original-action=\"\/en\/wp-json\/wp\/v2\/pages\/564\"><noscript class=\"wpforms-error-noscript\">Please enable JavaScript in your browser to complete this form.<\/noscript><div class=\"wpforms-field-container\"><div id=\"wpforms-558-field_0-container\" class=\"wpforms-field wpforms-field-name\" data-field-id=\"0\"><label class=\"wpforms-field-label\" for=\"wpforms-558-field_0\">Nombre <span class=\"wpforms-required-label\">*<\/span><\/label><div class=\"wpforms-field-row wpforms-field-large\"><div class=\"wpforms-field-row-block wpforms-first wpforms-one-half\"><input type=\"text\" id=\"wpforms-558-field_0\" class=\"wpforms-field-name-first wpforms-field-required\" name=\"wpforms[fields][0][first]\" required><label for=\"wpforms-558-field_0\" class=\"wpforms-field-sublabel after\">First<\/label><\/div><div class=\"wpforms-field-row-block wpforms-one-half\"><input type=\"text\" id=\"wpforms-558-field_0-last\" class=\"wpforms-field-name-last wpforms-field-required\" name=\"wpforms[fields][0][last]\" required><label for=\"wpforms-558-field_0-last\" class=\"wpforms-field-sublabel after\">Last<\/label><\/div><\/div><\/div><div id=\"wpforms-558-field_1-container\" class=\"wpforms-field wpforms-field-email\" data-field-id=\"1\"><label class=\"wpforms-field-label\" for=\"wpforms-558-field_1\">Correo electr\u00f3nico <span class=\"wpforms-required-label\">*<\/span><\/label><input type=\"email\" id=\"wpforms-558-field_1\" class=\"wpforms-field-large wpforms-field-required\" name=\"wpforms[fields][1]\" required><\/div><div id=\"wpforms-558-field_2-container\" class=\"wpforms-field wpforms-field-textarea\" data-field-id=\"2\"><label class=\"wpforms-field-label\" for=\"wpforms-558-field_2\">Mensaje <span class=\"wpforms-required-label\">*<\/span><\/label><textarea id=\"wpforms-558-field_2\" class=\"wpforms-field-medium wpforms-field-required\" name=\"wpforms[fields][2]\" required><\/textarea><\/div><div id=\"wpforms-558-field_3-container\" class=\"wpforms-field wpforms-field-name\" data-field-id=\"3\"><label class=\"wpforms-field-label\" for=\"wpforms-558-field_3\">Nombre <span class=\"wpforms-required-label\">*<\/span><\/label><div class=\"wpforms-field-row wpforms-field-medium\"><div class=\"wpforms-field-row-block wpforms-first wpforms-one-half\"><input type=\"text\" id=\"wpforms-558-field_3\" class=\"wpforms-field-name-first wpforms-field-required\" name=\"wpforms[fields][3][first]\" required><label for=\"wpforms-558-field_3\" class=\"wpforms-field-sublabel after\">First<\/label><\/div><div class=\"wpforms-field-row-block wpforms-one-half\"><input type=\"text\" id=\"wpforms-558-field_3-last\" class=\"wpforms-field-name-last wpforms-field-required\" name=\"wpforms[fields][3][last]\" required><label for=\"wpforms-558-field_3-last\" class=\"wpforms-field-sublabel after\">Last<\/label><\/div><\/div><\/div><\/div><div class=\"wpforms-field wpforms-field-hp\"><label for=\"wpforms-558-field-hp\" class=\"wpforms-field-label\">Website<\/label><input type=\"text\" name=\"wpforms[hp]\" id=\"wpforms-558-field-hp\" class=\"wpforms-field-medium\"><\/div><div class=\"wpforms-submit-container\"><input type=\"hidden\" name=\"wpforms[id]\" value=\"558\"><input type=\"hidden\" name=\"wpforms[author]\" value=\"1\"><button type=\"submit\" name=\"wpforms[submit]\" id=\"wpforms-submit-558\" class=\"wpforms-submit\" data-alt-text=\"Enviando...\" data-submit-text=\"Enviar\" aria-live=\"assertive\" value=\"wpforms-submit\">Enviar<\/button><\/div><input type=\"hidden\" name=\"trp-form-language\" value=\"en\"\/><\/form><\/div>  <!-- .wpforms-container -->\n<h2>Contacto<\/h2>\n<p><b>Ubicaci\u00f3n:<\/b>\u00a0<\/p>\n<p>UBHA &#8211; Escuela alternativa, en el<\/p>\n<p>Parque Natural Chicaque, entrada por Soacha, v\u00eda La Mesa-Soacha<\/p>\n<p><b>Celular y WhatsApp:<\/b><\/p>\n<p>3166923776<\/p>\n<p><b>Correo electr\u00f3nico:<\/b> ubha@chicaque.com<\/p>\n<p><b>Redes sociales:<\/b><\/p>\n<p>\t\t\t<iframe frameborder=\"0\" scrolling=\"no\" marginheight=\"0\" marginwidth=\"0\"\n\t\t\t\t\tsrc=\"https:\/\/maps.google.com\/maps?q=Parque%20Natural%20Chicaque&#038;t=m&#038;z=10&#038;output=embed&#038;iwloc=near\"\n\t\t\t\t\ttitle=\"Parque Natural Chicaque\"\n\t\t\t\t\taria-label=\"Parque Natural Chicaque\"\n\t\t\t><\/iframe><\/p>\n<h6>\u00bfQUIERES combatir la desigualdad en colombia?<\/h6>\n<h2>Ay\u00fadanos a recaudar fondos para que podamos recibir a m\u00e1s ni\u00f1os, ni\u00f1as y j\u00f3venes de familias con bajos recursos en UBHA.<\/h2>\n<p>\t\t\t<a href=\"https:\/\/forms.gle\/ByhWbDHPaz2oCUMt5\" role=\"button\"><br \/>\n\t\t\t\t\t\tDonation<br \/>\n\t\t\t\t\t<\/a><\/p>","protected":false},"excerpt":{"rendered":"<p>CONTACTARNOS \u00a1M\u00e1ndanos un mensaje! Contacto Ubicaci\u00f3n:\u00a0 UBHA &#8211; Escuela alternativa, en el Parque Natural Chicaque, entrada por Soacha, v\u00eda La Mesa-Soacha Celular y WhatsApp: 3166923776 Correo electr\u00f3nico: ubha@chicaque.com Redes sociales: \u00bfQUIERES combatir la desigualdad en colombia? Ay\u00fadanos a recaudar fondos para que podamos recibir a m\u00e1s ni\u00f1os, ni\u00f1as y j\u00f3venes de familias con bajos recursos&#8230;<\/p>","protected":false},"author":1,"featured_media":0,"parent":0,"menu_order":0,"comment_status":"closed","ping_status":"closed","template":"","meta":{"_monsterinsights_skip_tracking":false,"_monsterinsights_sitenote_active":false,"_monsterinsights_sitenote_note":"","_monsterinsights_sitenote_category":0,"footnotes":""},"class_list":["post-564","page","type-page","status-publish","hentry"],"aioseo_notices":[],"_links":{"self":[{"href":"https:\/\/ubha-chicaque.org\/en\/wp-json\/wp\/v2\/pages\/564","targetHints":{"allow":["GET"]}}],"collection":[{"href":"https:\/\/ubha-chicaque.org\/en\/wp-json\/wp\/v2\/pages"}],"about":[{"href":"https:\/\/ubha-chicaque.org\/en\/wp-json\/wp\/v2\/types\/page"}],"author":[{"embeddable":true,"href":"https:\/\/ubha-chicaque.org\/en\/wp-json\/wp\/v2\/users\/1"}],"replies":[{"embeddable":true,"href":"https:\/\/ubha-chicaque.org\/en\/wp-json\/wp\/v2\/comments?post=564"}],"version-history":[{"count":43,"href":"https:\/\/ubha-chicaque.org\/en\/wp-json\/wp\/v2\/pages\/564\/revisions"}],"predecessor-version":[{"id":1327,"href":"https:\/\/ubha-chicaque.org\/en\/wp-json\/wp\/v2\/pages\/564\/revisions\/1327"}],"wp:attachment":[{"href":"https:\/\/ubha-chicaque.org\/en\/wp-json\/wp\/v2\/media?parent=564"}],"curies":[{"name":"wp","href":"https:\/\/api.w.org\/{rel}","templated":true}]}}