{"id":1366,"date":"2024-04-25T10:15:04","date_gmt":"2024-04-25T15:15:04","guid":{"rendered":"https:\/\/ubha-chicaque.org\/?page_id=1366"},"modified":"2024-06-07T15:27:11","modified_gmt":"2024-06-07T20:27:11","slug":"nuestros-servicios","status":"publish","type":"page","link":"https:\/\/ubha-chicaque.org\/en\/nuestros-servicios\/","title":{"rendered":"Our services"},"content":{"rendered":"<div data-elementor-type=\"wp-page\" data-elementor-id=\"1366\" class=\"elementor elementor-1366\">\n\t\t\t\t\t\t<section class=\"elementor-section elementor-top-section elementor-element elementor-element-7bcbdbe6 elementor-section-boxed elementor-section-height-default elementor-section-height-default\" data-id=\"7bcbdbe6\" data-element_type=\"section\">\n\t\t\t\t\t\t<div class=\"elementor-container elementor-column-gap-default\">\n\t\t\t\t\t<div class=\"elementor-column elementor-col-100 elementor-top-column elementor-element elementor-element-22288e47\" data-id=\"22288e47\" data-element_type=\"column\">\n\t\t\t<div class=\"elementor-widget-wrap elementor-element-populated\">\n\t\t\t\t\t\t<div class=\"elementor-element elementor-element-5e724dde elementor-widget elementor-widget-text-editor\" data-id=\"5e724dde\" data-element_type=\"widget\" data-widget_type=\"text-editor.default\">\n\t\t\t\t<div class=\"elementor-widget-container\">\n\t\t\t<style>\/*! elementor - v3.21.0 - 08-05-2024 *\/\n.elementor-widget-text-editor.elementor-drop-cap-view-stacked .elementor-drop-cap{background-color:#69727d;color:#fff}.elementor-widget-text-editor.elementor-drop-cap-view-framed .elementor-drop-cap{color:#69727d;border:3px solid;background-color:transparent}.elementor-widget-text-editor:not(.elementor-drop-cap-view-default) .elementor-drop-cap{margin-top:8px}.elementor-widget-text-editor:not(.elementor-drop-cap-view-default) .elementor-drop-cap-letter{width:1em;height:1em}.elementor-widget-text-editor .elementor-drop-cap{float:left;text-align:center;line-height:1;font-size:50px}.elementor-widget-text-editor .elementor-drop-cap-letter{display:inline-block}<\/style>\t\t\t\t<!-- wp:paragraph -->\n<p>El mundo cambia m\u00e1s r\u00e1pido que nunca.\u00a0 Pero: <\/p>\n<!-- \/wp:paragraph -->\n\n<!-- wp:quote -->\n<blockquote class=\"wp-block-quote\"><!-- wp:paragraph -->\n<p>\u201cel modelo educativo estandarizado que seguimos implementando hoy d\u00eda est\u00e1 influenciado por la Revoluci\u00f3n Industrial. Era un medio para formar a operarios que llevasen a cabo operaciones repetitivas que las f\u00e1bricas requer\u00edan.<\/p>\n<!-- \/wp:paragraph -->\n\n<!-- wp:paragraph -->\n<p>En el modelo convencional, los maestros imparten conocimientos a los estudiantes demostrando procesos y f\u00f3rmulas para llegar a una respuesta. Estas f\u00f3rmulas se memorizan y los ni\u00f1os imitan estos procesos para resolver otros problemas similares.&nbsp;El problema con este enfoque es que no est\u00e1 dise\u00f1ado para innovar.<\/p>\n<!-- \/wp:paragraph -->\n\n<!-- wp:paragraph -->\n<p>Forma a obedientes seguidores, no a pensadores independientes y creadores.<br>La creatividad y la innovaci\u00f3n no se pueden imitar. En muchos casos, pueden existir m\u00faltiples soluciones y dise\u00f1os que resuelven el mismo problema. Y esto rara vez ocurre de forma aislada, sino que requiere que los ni\u00f1os trabajen juntos.<\/p>\n<!-- \/wp:paragraph -->\n\n<!-- wp:paragraph -->\n<p>El mundo est\u00e1 cambiando mucho m\u00e1s r\u00e1pido de lo que nuestros sistemas educativos lo est\u00e1n haciendo. Y de lo que podemos estar seguros es de que va a seguir cambiando.<br>Debemos dejar atr\u00e1s una educaci\u00f3n del pasado, pensada para el futuro y que olvida el presente.\u201d<\/p>\n<!-- \/wp:paragraph --><cite>(Evolving Education, 2022)<\/cite><\/blockquote>\n<!-- \/wp:quote -->\n\n<!-- wp:paragraph -->\n<p><\/p>\n<!-- \/wp:paragraph -->\n\n<!-- wp:paragraph -->\n<p><\/p>\n<!-- \/wp:paragraph -->\t\t\t\t\t\t<\/div>\n\t\t\t\t<\/div>\n\t\t\t\t\t<\/div>\n\t\t<\/div>\n\t\t\t\t\t<\/div>\n\t\t<\/section>\n\t\t\t\t<section class=\"elementor-section elementor-top-section elementor-element elementor-element-d31fcb9 elementor-section-boxed elementor-section-height-default elementor-section-height-default\" data-id=\"d31fcb9\" data-element_type=\"section\">\n\t\t\t\t\t\t<div class=\"elementor-container elementor-column-gap-default\">\n\t\t\t\t\t<div class=\"elementor-column elementor-col-50 elementor-top-column elementor-element elementor-element-940b6da\" data-id=\"940b6da\" data-element_type=\"column\">\n\t\t\t<div class=\"elementor-widget-wrap elementor-element-populated\">\n\t\t\t\t\t\t<div class=\"elementor-element elementor-element-50a5bd7 elementor-widget elementor-widget-eael-creative-button\" data-id=\"50a5bd7\" data-element_type=\"widget\" data-widget_type=\"eael-creative-button.default\">\n\t\t\t\t<div class=\"elementor-widget-container\">\n\t\t\t        <div class=\"eael-creative-button-wrapper\">\n\n            <a class=\"eael-creative-button eael-creative-button--default\" href=\"\" data-text=\"Go!\">\n\n\t    \n                <div class=\"creative-button-inner\">\n\n                    \n                    <span class=\"cretive-button-text\">Descubre el Club Ubha<\/span>\n\n                                    <\/div>\n\t                        <\/a>\n        <\/div>\n\t\t<\/div>\n\t\t\t\t<\/div>\n\t\t\t\t\t<\/div>\n\t\t<\/div>\n\t\t\t\t<div class=\"elementor-column elementor-col-50 elementor-top-column elementor-element elementor-element-8b6124c\" data-id=\"8b6124c\" data-element_type=\"column\">\n\t\t\t<div class=\"elementor-widget-wrap elementor-element-populated\">\n\t\t\t\t\t\t<div class=\"elementor-element elementor-element-288edc3 elementor-widget__width-initial elementor-widget elementor-widget-image\" data-id=\"288edc3\" data-element_type=\"widget\" data-widget_type=\"image.default\">\n\t\t\t\t<div class=\"elementor-widget-container\">\n\t\t\t<style>\/*! elementor - v3.21.0 - 08-05-2024 *\/\n.elementor-widget-image{text-align:center}.elementor-widget-image a{display:inline-block}.elementor-widget-image a img[src$=\".svg\"]{width:48px}.elementor-widget-image img{vertical-align:middle;display:inline-block}<\/style>\t\t\t\t\t\t\t\t\t\t<img fetchpriority=\"high\" decoding=\"async\" width=\"684\" height=\"1024\" src=\"https:\/\/ubha-chicaque.org\/wp-content\/uploads\/2024\/04\/recreativas-y-actividades3-1-684x1024.jpg\" class=\"attachment-large size-large wp-image-1604\" alt=\"\" srcset=\"https:\/\/ubha-chicaque.org\/wp-content\/uploads\/2024\/04\/recreativas-y-actividades3-1-684x1024.jpg 684w, https:\/\/ubha-chicaque.org\/wp-content\/uploads\/2024\/04\/recreativas-y-actividades3-1-200x300.jpg 200w, https:\/\/ubha-chicaque.org\/wp-content\/uploads\/2024\/04\/recreativas-y-actividades3-1-768x1150.jpg 768w, https:\/\/ubha-chicaque.org\/wp-content\/uploads\/2024\/04\/recreativas-y-actividades3-1-1026x1536.jpg 1026w, https:\/\/ubha-chicaque.org\/wp-content\/uploads\/2024\/04\/recreativas-y-actividades3-1-1368x2048.jpg 1368w, https:\/\/ubha-chicaque.org\/wp-content\/uploads\/2024\/04\/recreativas-y-actividades3-1-scaled.jpg 1710w\" sizes=\"(max-width: 684px) 100vw, 684px\" \/>\t\t\t\t\t\t\t\t\t\t\t\t\t<\/div>\n\t\t\t\t<\/div>\n\t\t\t\t\t<\/div>\n\t\t<\/div>\n\t\t\t\t\t<\/div>\n\t\t<\/section>\n\t\t\t\t<section class=\"elementor-section elementor-top-section elementor-element elementor-element-364ece1 elementor-section-boxed elementor-section-height-default elementor-section-height-default\" data-id=\"364ece1\" data-element_type=\"section\">\n\t\t\t\t\t\t<div class=\"elementor-container elementor-column-gap-default\">\n\t\t\t\t\t<div class=\"elementor-column elementor-col-50 elementor-top-column elementor-element elementor-element-5e61410\" data-id=\"5e61410\" data-element_type=\"column\">\n\t\t\t<div class=\"elementor-widget-wrap elementor-element-populated\">\n\t\t\t\t\t\t<div class=\"elementor-element elementor-element-0dda6d8 elementor-widget elementor-widget-image\" data-id=\"0dda6d8\" data-element_type=\"widget\" data-widget_type=\"image.default\">\n\t\t\t\t<div class=\"elementor-widget-container\">\n\t\t\t\t\t\t\t\t\t\t\t\t\t<img decoding=\"async\" width=\"1024\" height=\"684\" src=\"https:\/\/ubha-chicaque.org\/wp-content\/uploads\/2024\/04\/fiesta-infantiles2-1024x684.jpg\" class=\"attachment-large size-large wp-image-1341\" alt=\"\" srcset=\"https:\/\/ubha-chicaque.org\/wp-content\/uploads\/2024\/04\/fiesta-infantiles2-1024x684.jpg 1024w, https:\/\/ubha-chicaque.org\/wp-content\/uploads\/2024\/04\/fiesta-infantiles2-300x200.jpg 300w, https:\/\/ubha-chicaque.org\/wp-content\/uploads\/2024\/04\/fiesta-infantiles2-768x513.jpg 768w, https:\/\/ubha-chicaque.org\/wp-content\/uploads\/2024\/04\/fiesta-infantiles2-1536x1026.jpg 1536w, https:\/\/ubha-chicaque.org\/wp-content\/uploads\/2024\/04\/fiesta-infantiles2-2048x1368.jpg 2048w\" sizes=\"(max-width: 1024px) 100vw, 1024px\" \/>\t\t\t\t\t\t\t\t\t\t\t\t\t<\/div>\n\t\t\t\t<\/div>\n\t\t\t\t\t<\/div>\n\t\t<\/div>\n\t\t\t\t<div class=\"elementor-column elementor-col-50 elementor-top-column elementor-element elementor-element-10e1608\" data-id=\"10e1608\" data-element_type=\"column\">\n\t\t\t<div class=\"elementor-widget-wrap elementor-element-populated\">\n\t\t\t\t\t\t<div class=\"elementor-element elementor-element-5487479 elementor-widget elementor-widget-eael-creative-button\" data-id=\"5487479\" data-element_type=\"widget\" data-widget_type=\"eael-creative-button.default\">\n\t\t\t\t<div class=\"elementor-widget-container\">\n\t\t\t        <div class=\"eael-creative-button-wrapper\">\n\n            <a class=\"eael-creative-button eael-creative-button--default\" href=\"\" data-text=\"Go!\">\n\n\t    \n                <div class=\"creative-button-inner\">\n\n                    \n                    <span class=\"cretive-button-text\">Descubre las fiestas infantiles<\/span>\n\n                                    <\/div>\n\t                        <\/a>\n        <\/div>\n\t\t<\/div>\n\t\t\t\t<\/div>\n\t\t\t\t\t<\/div>\n\t\t<\/div>\n\t\t\t\t\t<\/div>\n\t\t<\/section>\n\t\t\t\t<section class=\"elementor-section elementor-top-section elementor-element elementor-element-301f1c9 elementor-section-boxed elementor-section-height-default elementor-section-height-default\" data-id=\"301f1c9\" data-element_type=\"section\">\n\t\t\t\t\t\t<div class=\"elementor-container elementor-column-gap-default\">\n\t\t\t\t\t<div class=\"elementor-column elementor-col-50 elementor-top-column elementor-element elementor-element-f9704db\" data-id=\"f9704db\" data-element_type=\"column\">\n\t\t\t<div class=\"elementor-widget-wrap elementor-element-populated\">\n\t\t\t\t\t\t<div class=\"elementor-element elementor-element-d0fb860 elementor-widget elementor-widget-eael-creative-button\" data-id=\"d0fb860\" data-element_type=\"widget\" data-widget_type=\"eael-creative-button.default\">\n\t\t\t\t<div class=\"elementor-widget-container\">\n\t\t\t        <div class=\"eael-creative-button-wrapper\">\n\n            <a class=\"eael-creative-button eael-creative-button--default\" href=\"\" data-text=\"Go!\">\n\n\t    \n                <div class=\"creative-button-inner\">\n\n                    \n                    <span class=\"cretive-button-text\">Descubre campamentos y vacaciones recreativas<\/span>\n\n                                    <\/div>\n\t                        <\/a>\n        <\/div>\n\t\t<\/div>\n\t\t\t\t<\/div>\n\t\t\t\t\t<\/div>\n\t\t<\/div>\n\t\t\t\t<div class=\"elementor-column elementor-col-50 elementor-top-column elementor-element elementor-element-2b97edd\" data-id=\"2b97edd\" data-element_type=\"column\">\n\t\t\t<div class=\"elementor-widget-wrap elementor-element-populated\">\n\t\t\t\t\t\t<div class=\"elementor-element elementor-element-90c3dff elementor-widget elementor-widget-image\" data-id=\"90c3dff\" data-element_type=\"widget\" data-widget_type=\"image.default\">\n\t\t\t\t<div class=\"elementor-widget-container\">\n\t\t\t\t\t\t\t\t\t\t\t\t\t<img decoding=\"async\" width=\"1024\" height=\"684\" src=\"https:\/\/ubha-chicaque.org\/wp-content\/uploads\/2024\/04\/campamentos1-2-1024x684.jpg\" class=\"attachment-large size-large wp-image-1616\" alt=\"\" srcset=\"https:\/\/ubha-chicaque.org\/wp-content\/uploads\/2024\/04\/campamentos1-2-1024x684.jpg 1024w, https:\/\/ubha-chicaque.org\/wp-content\/uploads\/2024\/04\/campamentos1-2-300x200.jpg 300w, https:\/\/ubha-chicaque.org\/wp-content\/uploads\/2024\/04\/campamentos1-2-768x513.jpg 768w, https:\/\/ubha-chicaque.org\/wp-content\/uploads\/2024\/04\/campamentos1-2-1536x1026.jpg 1536w, https:\/\/ubha-chicaque.org\/wp-content\/uploads\/2024\/04\/campamentos1-2-2048x1368.jpg 2048w\" sizes=\"(max-width: 1024px) 100vw, 1024px\" \/>\t\t\t\t\t\t\t\t\t\t\t\t\t<\/div>\n\t\t\t\t<\/div>\n\t\t\t\t\t<\/div>\n\t\t<\/div>\n\t\t\t\t\t<\/div>\n\t\t<\/section>\n\t\t\t\t<section class=\"elementor-section elementor-top-section elementor-element elementor-element-58bfc56 elementor-section-boxed elementor-section-height-default elementor-section-height-default\" data-id=\"58bfc56\" data-element_type=\"section\">\n\t\t\t\t\t\t<div class=\"elementor-container elementor-column-gap-default\">\n\t\t\t\t\t<div class=\"elementor-column elementor-col-50 elementor-top-column elementor-element elementor-element-c55a289\" data-id=\"c55a289\" data-element_type=\"column\">\n\t\t\t<div class=\"elementor-widget-wrap elementor-element-populated\">\n\t\t\t\t\t\t<div class=\"elementor-element elementor-element-1905f53 elementor-widget elementor-widget-image\" data-id=\"1905f53\" data-element_type=\"widget\" data-widget_type=\"image.default\">\n\t\t\t\t<div class=\"elementor-widget-container\">\n\t\t\t\t\t\t\t\t\t\t\t\t\t<img loading=\"lazy\" decoding=\"async\" width=\"1024\" height=\"768\" src=\"https:\/\/ubha-chicaque.org\/wp-content\/uploads\/2022\/03\/IMG_20200726_180010732_HDR-1024x768.jpg\" class=\"attachment-large size-large wp-image-940\" alt=\"\" srcset=\"https:\/\/ubha-chicaque.org\/wp-content\/uploads\/2022\/03\/IMG_20200726_180010732_HDR-1024x768.jpg 1024w, https:\/\/ubha-chicaque.org\/wp-content\/uploads\/2022\/03\/IMG_20200726_180010732_HDR-300x225.jpg 300w, https:\/\/ubha-chicaque.org\/wp-content\/uploads\/2022\/03\/IMG_20200726_180010732_HDR-768x576.jpg 768w, https:\/\/ubha-chicaque.org\/wp-content\/uploads\/2022\/03\/IMG_20200726_180010732_HDR-1536x1152.jpg 1536w, https:\/\/ubha-chicaque.org\/wp-content\/uploads\/2022\/03\/IMG_20200726_180010732_HDR-2048x1536.jpg 2048w\" sizes=\"(max-width: 1024px) 100vw, 1024px\" \/>\t\t\t\t\t\t\t\t\t\t\t\t\t<\/div>\n\t\t\t\t<\/div>\n\t\t\t\t\t<\/div>\n\t\t<\/div>\n\t\t\t\t<div class=\"elementor-column elementor-col-50 elementor-top-column elementor-element elementor-element-40d9bda\" data-id=\"40d9bda\" data-element_type=\"column\">\n\t\t\t<div class=\"elementor-widget-wrap elementor-element-populated\">\n\t\t\t\t\t\t<div class=\"elementor-element elementor-element-eb024a2 elementor-widget elementor-widget-eael-creative-button\" data-id=\"eb024a2\" data-element_type=\"widget\" data-widget_type=\"eael-creative-button.default\">\n\t\t\t\t<div class=\"elementor-widget-container\">\n\t\t\t        <div class=\"eael-creative-button-wrapper\">\n\n            <a class=\"eael-creative-button eael-creative-button--default\" href=\"\" data-text=\"Go!\">\n\n\t    \n                <div class=\"creative-button-inner\">\n\n                    \n                    <span class=\"cretive-button-text\">Descubre las casas<\/span>\n\n                                    <\/div>\n\t                        <\/a>\n        <\/div>\n\t\t<\/div>\n\t\t\t\t<\/div>\n\t\t\t\t\t<\/div>\n\t\t<\/div>\n\t\t\t\t\t<\/div>\n\t\t<\/section>\n\t\t\t\t<\/div>","protected":false},"excerpt":{"rendered":"<p>El mundo cambia m\u00e1s r\u00e1pido que nunca.\u00a0 Pero: \u201cel modelo educativo estandarizado que seguimos implementando hoy d\u00eda est\u00e1 influenciado por la Revoluci\u00f3n Industrial. Era un medio para formar a operarios que llevasen a cabo operaciones repetitivas que las f\u00e1bricas requer\u00edan. En el modelo convencional, los maestros imparten conocimientos a los estudiantes demostrando procesos y f\u00f3rmulas&#8230;<\/p>","protected":false},"author":1,"featured_media":0,"parent":0,"menu_order":0,"comment_status":"closed","ping_status":"closed","template":"","meta":{"_monsterinsights_skip_tracking":false,"_monsterinsights_sitenote_active":false,"_monsterinsights_sitenote_note":"","_monsterinsights_sitenote_category":0,"footnotes":""},"class_list":["post-1366","page","type-page","status-publish","hentry"],"aioseo_notices":[],"_links":{"self":[{"href":"https:\/\/ubha-chicaque.org\/en\/wp-json\/wp\/v2\/pages\/1366","targetHints":{"allow":["GET"]}}],"collection":[{"href":"https:\/\/ubha-chicaque.org\/en\/wp-json\/wp\/v2\/pages"}],"about":[{"href":"https:\/\/ubha-chicaque.org\/en\/wp-json\/wp\/v2\/types\/page"}],"author":[{"embeddable":true,"href":"https:\/\/ubha-chicaque.org\/en\/wp-json\/wp\/v2\/users\/1"}],"replies":[{"embeddable":true,"href":"https:\/\/ubha-chicaque.org\/en\/wp-json\/wp\/v2\/comments?post=1366"}],"version-history":[{"count":13,"href":"https:\/\/ubha-chicaque.org\/en\/wp-json\/wp\/v2\/pages\/1366\/revisions"}],"predecessor-version":[{"id":1888,"href":"https:\/\/ubha-chicaque.org\/en\/wp-json\/wp\/v2\/pages\/1366\/revisions\/1888"}],"wp:attachment":[{"href":"https:\/\/ubha-chicaque.org\/en\/wp-json\/wp\/v2\/media?parent=1366"}],"curies":[{"name":"wp","href":"https:\/\/api.w.org\/{rel}","templated":true}]}}