{"id":1357,"date":"2024-04-19T11:46:41","date_gmt":"2024-04-19T16:46:41","guid":{"rendered":"https:\/\/ubha-chicaque.org\/?page_id=1357"},"modified":"2024-06-07T15:40:39","modified_gmt":"2024-06-07T20:40:39","slug":"la-escuela-alternativa","status":"publish","type":"page","link":"https:\/\/ubha-chicaque.org\/en\/la-escuela-alternativa\/","title":{"rendered":"La escuela alternativa"},"content":{"rendered":"<div data-elementor-type=\"wp-page\" data-elementor-id=\"1357\" class=\"elementor elementor-1357\">\n\t\t\t\t\t\t<section class=\"elementor-section elementor-top-section elementor-element elementor-element-62e93699 elementor-section-boxed elementor-section-height-default elementor-section-height-default\" data-id=\"62e93699\" data-element_type=\"section\">\n\t\t\t\t\t\t<div class=\"elementor-container elementor-column-gap-default\">\n\t\t\t\t\t<div class=\"elementor-column elementor-col-100 elementor-top-column elementor-element elementor-element-7bfb175d\" data-id=\"7bfb175d\" data-element_type=\"column\">\n\t\t\t<div class=\"elementor-widget-wrap elementor-element-populated\">\n\t\t\t\t\t\t<div class=\"elementor-element elementor-element-39f533d3 elementor-widget elementor-widget-text-editor\" data-id=\"39f533d3\" data-element_type=\"widget\" data-widget_type=\"text-editor.default\">\n\t\t\t\t<div class=\"elementor-widget-container\">\n\t\t\t<style>\/*! elementor - v3.21.0 - 08-05-2024 *\/\n.elementor-widget-text-editor.elementor-drop-cap-view-stacked .elementor-drop-cap{background-color:#69727d;color:#fff}.elementor-widget-text-editor.elementor-drop-cap-view-framed .elementor-drop-cap{color:#69727d;border:3px solid;background-color:transparent}.elementor-widget-text-editor:not(.elementor-drop-cap-view-default) .elementor-drop-cap{margin-top:8px}.elementor-widget-text-editor:not(.elementor-drop-cap-view-default) .elementor-drop-cap-letter{width:1em;height:1em}.elementor-widget-text-editor .elementor-drop-cap{float:left;text-align:center;line-height:1;font-size:50px}.elementor-widget-text-editor .elementor-drop-cap-letter{display:inline-block}<\/style>\t\t\t\t<!-- wp:paragraph {\"align\":\"center\"} -->\n<p class=\"has-text-align-center\">En UBHA, los ni\u00f1@s y j\u00f3venes encontrar\u00e1n un espacio donde aprender a su ritmo, seg\u00fan sus intereses, en un entorno natural, seguro y estimulante. Ofrecemos soluciones individuales, seg\u00fan las necesidades reales de las familias.<\/p>\n<!-- \/wp:paragraph -->\n\n<!-- wp:paragraph -->\n<p><\/p>\n<!-- \/wp:paragraph -->\t\t\t\t\t\t<\/div>\n\t\t\t\t<\/div>\n\t\t\t\t\t<\/div>\n\t\t<\/div>\n\t\t\t\t\t<\/div>\n\t\t<\/section>\n\t\t\t\t<section class=\"elementor-section elementor-top-section elementor-element elementor-element-fb099e4 elementor-section-boxed elementor-section-height-default elementor-section-height-default\" data-id=\"fb099e4\" data-element_type=\"section\">\n\t\t\t\t\t\t<div class=\"elementor-container elementor-column-gap-default\">\n\t\t\t\t\t<div class=\"elementor-column elementor-col-50 elementor-top-column elementor-element elementor-element-7c6a15b\" data-id=\"7c6a15b\" data-element_type=\"column\">\n\t\t\t<div class=\"elementor-widget-wrap elementor-element-populated\">\n\t\t\t\t\t\t<div class=\"elementor-element elementor-element-6222c82 elementor-widget__width-initial elementor-widget elementor-widget-image\" data-id=\"6222c82\" data-element_type=\"widget\" data-widget_type=\"image.default\">\n\t\t\t\t<div class=\"elementor-widget-container\">\n\t\t\t<style>\/*! elementor - v3.21.0 - 08-05-2024 *\/\n.elementor-widget-image{text-align:center}.elementor-widget-image a{display:inline-block}.elementor-widget-image a img[src$=\".svg\"]{width:48px}.elementor-widget-image img{vertical-align:middle;display:inline-block}<\/style>\t\t\t\t\t\t\t\t\t\t<img fetchpriority=\"high\" decoding=\"async\" width=\"1024\" height=\"684\" src=\"https:\/\/ubha-chicaque.org\/wp-content\/uploads\/2024\/04\/Club-Ubha1-1024x684.jpg\" class=\"attachment-large size-large wp-image-1333\" alt=\"\" srcset=\"https:\/\/ubha-chicaque.org\/wp-content\/uploads\/2024\/04\/Club-Ubha1-1024x684.jpg 1024w, https:\/\/ubha-chicaque.org\/wp-content\/uploads\/2024\/04\/Club-Ubha1-300x200.jpg 300w, https:\/\/ubha-chicaque.org\/wp-content\/uploads\/2024\/04\/Club-Ubha1-768x513.jpg 768w, https:\/\/ubha-chicaque.org\/wp-content\/uploads\/2024\/04\/Club-Ubha1-1536x1026.jpg 1536w, https:\/\/ubha-chicaque.org\/wp-content\/uploads\/2024\/04\/Club-Ubha1-2048x1368.jpg 2048w\" sizes=\"(max-width: 1024px) 100vw, 1024px\" \/>\t\t\t\t\t\t\t\t\t\t\t\t\t<\/div>\n\t\t\t\t<\/div>\n\t\t\t\t\t<\/div>\n\t\t<\/div>\n\t\t\t\t<div class=\"elementor-column elementor-col-50 elementor-top-column elementor-element elementor-element-a7e61f2\" data-id=\"a7e61f2\" data-element_type=\"column\">\n\t\t\t<div class=\"elementor-widget-wrap elementor-element-populated\">\n\t\t\t\t\t\t<div class=\"elementor-element elementor-element-9876a4f elementor-widget elementor-widget-image\" data-id=\"9876a4f\" data-element_type=\"widget\" data-widget_type=\"image.default\">\n\t\t\t\t<div class=\"elementor-widget-container\">\n\t\t\t\t\t\t\t\t\t\t\t\t\t<img decoding=\"async\" width=\"1024\" height=\"768\" src=\"https:\/\/ubha-chicaque.org\/wp-content\/uploads\/2022\/03\/IMG_20210625_104202_292_beauty-1024x768.jpg\" class=\"attachment-large size-large wp-image-1266\" alt=\"\" srcset=\"https:\/\/ubha-chicaque.org\/wp-content\/uploads\/2022\/03\/IMG_20210625_104202_292_beauty-1024x768.jpg 1024w, https:\/\/ubha-chicaque.org\/wp-content\/uploads\/2022\/03\/IMG_20210625_104202_292_beauty-300x225.jpg 300w, https:\/\/ubha-chicaque.org\/wp-content\/uploads\/2022\/03\/IMG_20210625_104202_292_beauty-768x576.jpg 768w, https:\/\/ubha-chicaque.org\/wp-content\/uploads\/2022\/03\/IMG_20210625_104202_292_beauty-1536x1152.jpg 1536w, https:\/\/ubha-chicaque.org\/wp-content\/uploads\/2022\/03\/IMG_20210625_104202_292_beauty-2048x1536.jpg 2048w\" sizes=\"(max-width: 1024px) 100vw, 1024px\" \/>\t\t\t\t\t\t\t\t\t\t\t\t\t<\/div>\n\t\t\t\t<\/div>\n\t\t\t\t\t<\/div>\n\t\t<\/div>\n\t\t\t\t\t<\/div>\n\t\t<\/section>\n\t\t\t\t<section class=\"elementor-section elementor-top-section elementor-element elementor-element-53dfe4f elementor-section-boxed elementor-section-height-default elementor-section-height-default\" data-id=\"53dfe4f\" data-element_type=\"section\">\n\t\t\t\t\t\t<div class=\"elementor-container elementor-column-gap-default\">\n\t\t\t\t\t<div class=\"elementor-column elementor-col-100 elementor-top-column elementor-element elementor-element-381c2f8\" data-id=\"381c2f8\" data-element_type=\"column\">\n\t\t\t<div class=\"elementor-widget-wrap elementor-element-populated\">\n\t\t\t\t\t\t<section class=\"elementor-section elementor-inner-section elementor-element elementor-element-dc7e89d elementor-section-boxed elementor-section-height-default elementor-section-height-default\" data-id=\"dc7e89d\" data-element_type=\"section\">\n\t\t\t\t\t\t<div class=\"elementor-container elementor-column-gap-default\">\n\t\t\t\t\t<div class=\"elementor-column elementor-col-50 elementor-inner-column elementor-element elementor-element-d51e733\" data-id=\"d51e733\" data-element_type=\"column\">\n\t\t\t<div class=\"elementor-widget-wrap elementor-element-populated\">\n\t\t\t\t\t\t<div class=\"elementor-element elementor-element-171263e elementor-widget elementor-widget-eael-creative-button\" data-id=\"171263e\" data-element_type=\"widget\" data-widget_type=\"eael-creative-button.default\">\n\t\t\t\t<div class=\"elementor-widget-container\">\n\t\t\t        <div class=\"eael-creative-button-wrapper\">\n\n            <a class=\"eael-creative-button eael-creative-button--default\" href=\"\" data-text=\"Go!\">\n\n\t    \n                <div class=\"creative-button-inner\">\n\n                    \n                    <span class=\"cretive-button-text\">En un p\u00e1rrafo<\/span>\n\n                                    <\/div>\n\t                        <\/a>\n        <\/div>\n\t\t<\/div>\n\t\t\t\t<\/div>\n\t\t\t\t\t<\/div>\n\t\t<\/div>\n\t\t\t\t<div class=\"elementor-column elementor-col-50 elementor-inner-column elementor-element elementor-element-73383c1\" data-id=\"73383c1\" data-element_type=\"column\">\n\t\t\t<div class=\"elementor-widget-wrap elementor-element-populated\">\n\t\t\t\t\t\t<div class=\"elementor-element elementor-element-42c1685 elementor-widget elementor-widget-eael-creative-button\" data-id=\"42c1685\" data-element_type=\"widget\" data-widget_type=\"eael-creative-button.default\">\n\t\t\t\t<div class=\"elementor-widget-container\">\n\t\t\t        <div class=\"eael-creative-button-wrapper\">\n\n            <a class=\"eael-creative-button eael-creative-button--default\" href=\"\" data-text=\"Go!\">\n\n\t    \n                <div class=\"creative-button-inner\">\n\n                    \n                    <span class=\"cretive-button-text\">What we do<\/span>\n\n                                    <\/div>\n\t                        <\/a>\n        <\/div>\n\t\t<\/div>\n\t\t\t\t<\/div>\n\t\t\t\t\t<\/div>\n\t\t<\/div>\n\t\t\t\t\t<\/div>\n\t\t<\/section>\n\t\t\t\t\t<\/div>\n\t\t<\/div>\n\t\t\t\t\t<\/div>\n\t\t<\/section>\n\t\t\t\t<\/div>","protected":false},"excerpt":{"rendered":"<p>En UBHA, los ni\u00f1@s y j\u00f3venes encontrar\u00e1n un espacio donde aprender a su ritmo, seg\u00fan sus intereses, en un entorno natural, seguro y estimulante. Ofrecemos soluciones individuales, seg\u00fan las necesidades reales de las familias. En un p\u00e1rrafo \u00bfQu\u00e9 hacemos?<\/p>","protected":false},"author":1,"featured_media":0,"parent":0,"menu_order":0,"comment_status":"closed","ping_status":"closed","template":"","meta":{"_monsterinsights_skip_tracking":false,"_monsterinsights_sitenote_active":false,"_monsterinsights_sitenote_note":"","_monsterinsights_sitenote_category":0,"footnotes":""},"class_list":["post-1357","page","type-page","status-publish","hentry"],"aioseo_notices":[],"_links":{"self":[{"href":"https:\/\/ubha-chicaque.org\/en\/wp-json\/wp\/v2\/pages\/1357","targetHints":{"allow":["GET"]}}],"collection":[{"href":"https:\/\/ubha-chicaque.org\/en\/wp-json\/wp\/v2\/pages"}],"about":[{"href":"https:\/\/ubha-chicaque.org\/en\/wp-json\/wp\/v2\/types\/page"}],"author":[{"embeddable":true,"href":"https:\/\/ubha-chicaque.org\/en\/wp-json\/wp\/v2\/users\/1"}],"replies":[{"embeddable":true,"href":"https:\/\/ubha-chicaque.org\/en\/wp-json\/wp\/v2\/comments?post=1357"}],"version-history":[{"count":10,"href":"https:\/\/ubha-chicaque.org\/en\/wp-json\/wp\/v2\/pages\/1357\/revisions"}],"predecessor-version":[{"id":1906,"href":"https:\/\/ubha-chicaque.org\/en\/wp-json\/wp\/v2\/pages\/1357\/revisions\/1906"}],"wp:attachment":[{"href":"https:\/\/ubha-chicaque.org\/en\/wp-json\/wp\/v2\/media?parent=1357"}],"curies":[{"name":"wp","href":"https:\/\/api.w.org\/{rel}","templated":true}]}}