{"id":1350,"date":"2024-04-19T11:16:30","date_gmt":"2024-04-19T16:16:30","guid":{"rendered":"https:\/\/ubha-chicaque.org\/?page_id=1350"},"modified":"2024-06-09T09:41:31","modified_gmt":"2024-06-09T14:41:31","slug":"quienes-somos","status":"publish","type":"page","link":"https:\/\/ubha-chicaque.org\/en\/quienes-somos\/","title":{"rendered":"Who are we"},"content":{"rendered":"<div data-elementor-type=\"wp-page\" data-elementor-id=\"1350\" class=\"elementor elementor-1350\">\n\t\t\t\t\t\t<section class=\"elementor-section elementor-top-section elementor-element elementor-element-dcd6077 elementor-section-boxed elementor-section-height-default elementor-section-height-default\" data-id=\"dcd6077\" data-element_type=\"section\">\n\t\t\t\t\t\t<div class=\"elementor-container elementor-column-gap-default\">\n\t\t\t\t\t<div class=\"elementor-column elementor-col-50 elementor-top-column elementor-element elementor-element-6073530\" data-id=\"6073530\" data-element_type=\"column\">\n\t\t\t<div class=\"elementor-widget-wrap elementor-element-populated\">\n\t\t\t\t\t\t<div class=\"elementor-element elementor-element-0ae053a elementor-widget elementor-widget-text-editor\" data-id=\"0ae053a\" data-element_type=\"widget\" data-widget_type=\"text-editor.default\">\n\t\t\t\t<div class=\"elementor-widget-container\">\n\t\t\t<style>\/*! elementor - v3.21.0 - 08-05-2024 *\/\n.elementor-widget-text-editor.elementor-drop-cap-view-stacked .elementor-drop-cap{background-color:#69727d;color:#fff}.elementor-widget-text-editor.elementor-drop-cap-view-framed .elementor-drop-cap{color:#69727d;border:3px solid;background-color:transparent}.elementor-widget-text-editor:not(.elementor-drop-cap-view-default) .elementor-drop-cap{margin-top:8px}.elementor-widget-text-editor:not(.elementor-drop-cap-view-default) .elementor-drop-cap-letter{width:1em;height:1em}.elementor-widget-text-editor .elementor-drop-cap{float:left;text-align:center;line-height:1;font-size:50px}.elementor-widget-text-editor .elementor-drop-cap-letter{display:inline-block}<\/style>\t\t\t\t<p class=\"has-text-align-center\">Somos una escuela alternativa o comunidad de aprendizaje en medio del <a href=\"http:\/\/www.chicaque.com\">Parque Natural Chicaque<\/a>. Estamos abiertos a todas las familias y ni\u00f1os\/as y j\u00f3venes que busquen un enfoque de aprendizaje diferente: con libertad, amor y respeto. Aqu\u00ed la voz de los ni\u00f1os se escucha.\u00a0<\/p><figure class=\"wp-block-gallery has-nested-images columns-default is-cropped\"><\/figure><p class=\"has-text-align-center\" style=\"text-align: left;\">Somos un espacio de auto-aprendizaje, es decir, el ni\u00f1o o joven aprende libremente, a su ritmo, seg\u00fan sus intereses y preferencias. No imponemos ni curr\u00edculo, ni materias obligatorias, ni grupos de trabajo. Los ni\u00f1os son libres de participar en las actividades propuestas o de proponer actividades propias [&#8230;]<\/p>\t\t\t\t\t\t<\/div>\n\t\t\t\t<\/div>\n\t\t\t\t\t<\/div>\n\t\t<\/div>\n\t\t\t\t<div class=\"elementor-column elementor-col-50 elementor-top-column elementor-element elementor-element-cec62f2\" data-id=\"cec62f2\" data-element_type=\"column\">\n\t\t\t<div class=\"elementor-widget-wrap elementor-element-populated\">\n\t\t\t\t\t\t<div class=\"elementor-element elementor-element-9749f02 elementor-widget elementor-widget-image\" data-id=\"9749f02\" data-element_type=\"widget\" data-widget_type=\"image.default\">\n\t\t\t\t<div class=\"elementor-widget-container\">\n\t\t\t<style>\/*! elementor - v3.21.0 - 08-05-2024 *\/\n.elementor-widget-image{text-align:center}.elementor-widget-image a{display:inline-block}.elementor-widget-image a img[src$=\".svg\"]{width:48px}.elementor-widget-image img{vertical-align:middle;display:inline-block}<\/style>\t\t\t\t\t\t\t\t\t\t<img fetchpriority=\"high\" decoding=\"async\" width=\"1024\" height=\"684\" src=\"https:\/\/ubha-chicaque.org\/wp-content\/uploads\/2024\/04\/recreativas-y-actividades5-1024x684.jpg\" class=\"attachment-large size-large wp-image-1346\" alt=\"\" srcset=\"https:\/\/ubha-chicaque.org\/wp-content\/uploads\/2024\/04\/recreativas-y-actividades5-1024x684.jpg 1024w, https:\/\/ubha-chicaque.org\/wp-content\/uploads\/2024\/04\/recreativas-y-actividades5-300x200.jpg 300w, https:\/\/ubha-chicaque.org\/wp-content\/uploads\/2024\/04\/recreativas-y-actividades5-768x513.jpg 768w, https:\/\/ubha-chicaque.org\/wp-content\/uploads\/2024\/04\/recreativas-y-actividades5-1536x1026.jpg 1536w, https:\/\/ubha-chicaque.org\/wp-content\/uploads\/2024\/04\/recreativas-y-actividades5-2048x1368.jpg 2048w\" sizes=\"(max-width: 1024px) 100vw, 1024px\" \/>\t\t\t\t\t\t\t\t\t\t\t\t\t<\/div>\n\t\t\t\t<\/div>\n\t\t\t\t\t<\/div>\n\t\t<\/div>\n\t\t\t\t\t<\/div>\n\t\t<\/section>\n\t\t\t\t<section class=\"elementor-section elementor-top-section elementor-element elementor-element-d1f894d elementor-section-boxed elementor-section-height-default elementor-section-height-default\" data-id=\"d1f894d\" data-element_type=\"section\">\n\t\t\t\t\t\t<div class=\"elementor-container elementor-column-gap-default\">\n\t\t\t\t\t<div class=\"elementor-column elementor-col-100 elementor-top-column elementor-element elementor-element-2dbe488\" data-id=\"2dbe488\" data-element_type=\"column\">\n\t\t\t<div class=\"elementor-widget-wrap elementor-element-populated\">\n\t\t\t\t\t\t<div class=\"elementor-element elementor-element-b8ae1c2 elementor-widget elementor-widget-eael-creative-button\" data-id=\"b8ae1c2\" data-element_type=\"widget\" data-widget_type=\"eael-creative-button.default\">\n\t\t\t\t<div class=\"elementor-widget-container\">\n\t\t\t        <div class=\"eael-creative-button-wrapper\">\n\n            <a class=\"eael-creative-button eael-creative-button--default\" href=\"\" data-text=\"Go!\">\n\n\t    \n                <div class=\"creative-button-inner\">\n\n                    \n                    <span class=\"cretive-button-text\">What we do differently<\/span>\n\n                                    <\/div>\n\t                        <\/a>\n        <\/div>\n\t\t<\/div>\n\t\t\t\t<\/div>\n\t\t\t\t\t<\/div>\n\t\t<\/div>\n\t\t\t\t\t<\/div>\n\t\t<\/section>\n\t\t\t\t<section class=\"elementor-section elementor-top-section elementor-element elementor-element-607797c elementor-section-boxed elementor-section-height-default elementor-section-height-default\" data-id=\"607797c\" data-element_type=\"section\">\n\t\t\t\t\t\t<div class=\"elementor-container elementor-column-gap-default\">\n\t\t\t\t\t<div class=\"elementor-column elementor-col-50 elementor-top-column elementor-element elementor-element-6b16e74\" data-id=\"6b16e74\" data-element_type=\"column\">\n\t\t\t<div class=\"elementor-widget-wrap elementor-element-populated\">\n\t\t\t\t\t\t<div class=\"elementor-element elementor-element-226915a elementor-widget elementor-widget-image\" data-id=\"226915a\" data-element_type=\"widget\" data-widget_type=\"image.default\">\n\t\t\t\t<div class=\"elementor-widget-container\">\n\t\t\t\t\t\t\t\t\t\t\t\t\t<img decoding=\"async\" width=\"640\" height=\"640\" src=\"https:\/\/ubha-chicaque.org\/wp-content\/uploads\/2024\/04\/el-equipo.jpg\" class=\"attachment-large size-large wp-image-1799\" alt=\"\" srcset=\"https:\/\/ubha-chicaque.org\/wp-content\/uploads\/2024\/04\/el-equipo.jpg 640w, https:\/\/ubha-chicaque.org\/wp-content\/uploads\/2024\/04\/el-equipo-300x300.jpg 300w, https:\/\/ubha-chicaque.org\/wp-content\/uploads\/2024\/04\/el-equipo-150x150.jpg 150w\" sizes=\"(max-width: 640px) 100vw, 640px\" \/>\t\t\t\t\t\t\t\t\t\t\t\t\t<\/div>\n\t\t\t\t<\/div>\n\t\t\t\t\t<\/div>\n\t\t<\/div>\n\t\t\t\t<div class=\"elementor-column elementor-col-50 elementor-top-column elementor-element elementor-element-f580126\" data-id=\"f580126\" data-element_type=\"column\">\n\t\t\t<div class=\"elementor-widget-wrap elementor-element-populated\">\n\t\t\t\t\t\t<div class=\"elementor-element elementor-element-709bc4f elementor-widget elementor-widget-text-editor\" data-id=\"709bc4f\" data-element_type=\"widget\" data-widget_type=\"text-editor.default\">\n\t\t\t\t<div class=\"elementor-widget-container\">\n\t\t\t\t\t\t\t<p style=\"text-align: left;\">Ubha fue fundada durante la pandemia por 3 mujeres y madres apasionadas por (des)aprender, el cambio social y por lo comunitario. El enfoque de UBHA est\u00e1 en la creaci\u00f3n de v\u00ednculos de confianza, en la conexi\u00f3n con los ni\u00f1os, con los dem\u00e1s, con la naturaleza y consigo mismo. Se han formado en el acompa\u00f1amiento de procesos de aprendizaje autodirigido (en la Universidad Nacional de Colombia) y se han unido a la red internacional de <a href=\"https:\/\/www.agilelearningcenters.org\/\">Centros \u00c1giles de Aprendizaje<\/a> (ALC). En el 2024, la fundaci\u00f3n <a href=\"https:\/\/www.bookbridge.org\/\">Bookbridge<\/a> escogi\u00f3 a UBHA como empresario social para su programa de formaci\u00f3n (capability program).\u00a0[&#8230;]<\/p>\t\t\t\t\t\t<\/div>\n\t\t\t\t<\/div>\n\t\t\t\t\t<\/div>\n\t\t<\/div>\n\t\t\t\t\t<\/div>\n\t\t<\/section>\n\t\t\t\t<section class=\"elementor-section elementor-top-section elementor-element elementor-element-f6e0ae5 elementor-section-boxed elementor-section-height-default elementor-section-height-default\" data-id=\"f6e0ae5\" data-element_type=\"section\">\n\t\t\t\t\t\t<div class=\"elementor-container elementor-column-gap-default\">\n\t\t\t\t\t<div class=\"elementor-column elementor-col-100 elementor-top-column elementor-element elementor-element-fd0ecc7\" data-id=\"fd0ecc7\" data-element_type=\"column\">\n\t\t\t<div class=\"elementor-widget-wrap elementor-element-populated\">\n\t\t\t\t\t\t<div class=\"elementor-element elementor-element-174b352 elementor-widget elementor-widget-eael-creative-button\" data-id=\"174b352\" data-element_type=\"widget\" data-widget_type=\"eael-creative-button.default\">\n\t\t\t\t<div class=\"elementor-widget-container\">\n\t\t\t        <div class=\"eael-creative-button-wrapper\">\n\n            <a class=\"eael-creative-button eael-creative-button--default\" href=\"\" data-text=\"Go!\">\n\n\t    \n                <div class=\"creative-button-inner\">\n\n                    \n                    <span class=\"cretive-button-text\">The crew<\/span>\n\n                                    <\/div>\n\t                        <\/a>\n        <\/div>\n\t\t<\/div>\n\t\t\t\t<\/div>\n\t\t\t\t\t<\/div>\n\t\t<\/div>\n\t\t\t\t\t<\/div>\n\t\t<\/section>\n\t\t\t\t<\/div>","protected":false},"excerpt":{"rendered":"<p>Somos una escuela alternativa o comunidad de aprendizaje en medio del Parque Natural Chicaque. Estamos abiertos a todas las familias y ni\u00f1os\/as y j\u00f3venes que busquen un enfoque de aprendizaje diferente: con libertad, amor y respeto. Aqu\u00ed la voz de los ni\u00f1os se escucha.\u00a0 Somos un espacio de auto-aprendizaje, es decir, el ni\u00f1o o joven&#8230;<\/p>","protected":false},"author":1,"featured_media":0,"parent":0,"menu_order":0,"comment_status":"closed","ping_status":"closed","template":"","meta":{"_monsterinsights_skip_tracking":false,"_monsterinsights_sitenote_active":false,"_monsterinsights_sitenote_note":"","_monsterinsights_sitenote_category":0,"footnotes":""},"class_list":["post-1350","page","type-page","status-publish","hentry"],"aioseo_notices":[],"_links":{"self":[{"href":"https:\/\/ubha-chicaque.org\/en\/wp-json\/wp\/v2\/pages\/1350","targetHints":{"allow":["GET"]}}],"collection":[{"href":"https:\/\/ubha-chicaque.org\/en\/wp-json\/wp\/v2\/pages"}],"about":[{"href":"https:\/\/ubha-chicaque.org\/en\/wp-json\/wp\/v2\/types\/page"}],"author":[{"embeddable":true,"href":"https:\/\/ubha-chicaque.org\/en\/wp-json\/wp\/v2\/users\/1"}],"replies":[{"embeddable":true,"href":"https:\/\/ubha-chicaque.org\/en\/wp-json\/wp\/v2\/comments?post=1350"}],"version-history":[{"count":27,"href":"https:\/\/ubha-chicaque.org\/en\/wp-json\/wp\/v2\/pages\/1350\/revisions"}],"predecessor-version":[{"id":1987,"href":"https:\/\/ubha-chicaque.org\/en\/wp-json\/wp\/v2\/pages\/1350\/revisions\/1987"}],"wp:attachment":[{"href":"https:\/\/ubha-chicaque.org\/en\/wp-json\/wp\/v2\/media?parent=1350"}],"curies":[{"name":"wp","href":"https:\/\/api.w.org\/{rel}","templated":true}]}}